{"id":1866,"date":"2021-04-30T10:59:26","date_gmt":"2021-04-30T10:59:26","guid":{"rendered":"https:\/\/learninglanguagesweb.com\/?page_id=1866"},"modified":"2022-05-09T13:06:20","modified_gmt":"2022-05-09T11:06:20","slug":"top-7-de-paises-con-mas-idiomas","status":"publish","type":"page","link":"https:\/\/learninglanguagesweb.com\/en\/top-7-de-paises-con-mas-idiomas\/","title":{"rendered":"\u00bfCu\u00e1ntos idiomas existen?"},"content":{"rendered":"<div data-elementor-type=\"wp-page\" data-elementor-id=\"1866\" class=\"elementor elementor-1866\">\n\t\t\t\t\t\t<section class=\"elementor-section elementor-top-section elementor-element elementor-element-07f9550 elementor-section-boxed elementor-section-height-default elementor-section-height-default\" data-id=\"07f9550\" data-element_type=\"section\" data-e-type=\"section\">\n\t\t\t\t\t\t<div class=\"elementor-container elementor-column-gap-default\">\n\t\t\t\t\t<div class=\"elementor-column elementor-col-100 elementor-top-column elementor-element elementor-element-d382e56\" data-id=\"d382e56\" data-element_type=\"column\" data-e-type=\"column\">\n\t\t\t<div class=\"elementor-widget-wrap elementor-element-populated\">\n\t\t\t\t\t\t<div class=\"elementor-element elementor-element-5914b31 elementor-widget elementor-widget-heading\" data-id=\"5914b31\" data-element_type=\"widget\" data-e-type=\"widget\" data-widget_type=\"heading.default\">\n\t\t\t\t<div class=\"elementor-widget-container\">\n\t\t\t\t\t<h1 class=\"elementor-heading-title elementor-size-default\">HOW MANY LANGUAGES ARE THERE? <\/h1>\t\t\t\t<\/div>\n\t\t\t\t<\/div>\n\t\t\t\t\t<\/div>\n\t\t<\/div>\n\t\t\t\t\t<\/div>\n\t\t<\/section>\n\t\t\t\t<section class=\"elementor-section elementor-top-section elementor-element elementor-element-e8cf0e0 elementor-section-boxed elementor-section-height-default elementor-section-height-default\" data-id=\"e8cf0e0\" data-element_type=\"section\" data-e-type=\"section\">\n\t\t\t\t\t\t<div class=\"elementor-container elementor-column-gap-default\">\n\t\t\t\t\t<div class=\"elementor-column elementor-col-100 elementor-top-column elementor-element elementor-element-46abd44\" data-id=\"46abd44\" data-element_type=\"column\" data-e-type=\"column\">\n\t\t\t<div class=\"elementor-widget-wrap elementor-element-populated\">\n\t\t\t\t\t\t<div class=\"elementor-element elementor-element-c9cbd85 elementor-widget elementor-widget-spacer\" data-id=\"c9cbd85\" data-element_type=\"widget\" data-e-type=\"widget\" data-widget_type=\"spacer.default\">\n\t\t\t\t<div class=\"elementor-widget-container\">\n\t\t\t\t\t\t\t<div class=\"elementor-spacer\">\n\t\t\t<div class=\"elementor-spacer-inner\"><\/div>\n\t\t<\/div>\n\t\t\t\t\t\t<\/div>\n\t\t\t\t<\/div>\n\t\t\t\t<div class=\"elementor-element elementor-element-c88b712 elementor-widget elementor-widget-text-editor\" data-id=\"c88b712\" data-element_type=\"widget\" data-e-type=\"widget\" data-widget_type=\"text-editor.default\">\n\t\t\t\t<div class=\"elementor-widget-container\">\n\t\t\t\t\t\t\t\t\t<p>Todos sabemos que existen muchos m\u00e1s idiomas de los que solemos escuchar a nuestro alrededor, pero \u00bfsabes cu\u00e1ntos idiomas existen a d\u00eda de hoy? Pues bien, hoy en d\u00eda existen entorno a <strong>7097 idiomas distintos<\/strong>, \u00a17097! Y si contamos que <strong>seg\u00fan la ONU hay 193 pa\u00edses oficiales<\/strong>, nos salen unas \u00a137! lenguas por pa\u00eds! Como pod\u00e9is imaginar no todos los pa\u00edses tienen 37 idiomas. <strong>Corea del Norte<\/strong>, por ejemplo, tiene solo <strong>un idioma<\/strong>, por el contrario tenemos <strong>Pap\u00faa Nueva Guinea<\/strong> que tiene nada m\u00e1s y nada menos que&#8230; <strong>\u00a1850!<\/strong><\/p><p class=\"translation-block\">Yes, 850 languages \u200b\u200bin a country with about 8 million inhabitants, this <strong> is due to the large number of tribes that exist in the country <\/strong>. Even so, <strong> the most widely spoken language is Tok Pisin <\/strong>, a variant of English that has developed over the years. I leave you a <strong> link <a href=\"https:\/\/www.bbc.com\/mundo\/noticias-46738790\" target=\"_self\"> here <\/a> in case you want to know more about this country <\/strong> and the reason for the great variety of languages \u200b\u200bit has.<\/p><p>Si quieres saber en qu\u00e9 pa\u00edses <strong>se habla<a href=\"https:\/\/learninglanguagesweb.com\/en\/paises-que-hablan-ingles\/\"> ingl\u00e9s<\/a><\/strong> como idioma oficial, haz click encima del idioma, adem\u00e1s tambi\u00e9n puedes ver d\u00f3nde se habla <a href=\"https:\/\/learninglanguagesweb.com\/en\/paises-que-hablan-espanol\/\"><strong>espa\u00f1ol<\/strong><\/a>, <a href=\"https:\/\/learninglanguagesweb.com\/en\/paises-que-hablan-frances\/\"><strong>franc\u00e9s<\/strong><\/a> and <a href=\"https:\/\/learninglanguagesweb.com\/en\/%e2%9c%88%ef%b8%8f-viaja-hablando-arabe\/\"><strong>\u00e1rabe<\/strong><\/a>.<\/p>\t\t\t\t\t\t\t\t<\/div>\n\t\t\t\t<\/div>\n\t\t\t\t<div class=\"elementor-element elementor-element-5f2811a elementor-widget elementor-widget-image\" data-id=\"5f2811a\" data-element_type=\"widget\" data-e-type=\"widget\" data-widget_type=\"image.default\">\n\t\t\t\t<div class=\"elementor-widget-container\">\n\t\t\t\t\t\t\t\t\t\t\t\t\t\t\t<img fetchpriority=\"high\" decoding=\"async\" width=\"1706\" height=\"2560\" src=\"https:\/\/learninglanguagesweb.com\/wp-content\/uploads\/2022\/05\/pexels-filippo-peisino-2678301-scaled.jpg\" class=\"attachment-full size-full wp-image-3670\" alt=\"Cu\u00e1ntos idiomas existen\" srcset=\"https:\/\/learninglanguagesweb.com\/wp-content\/uploads\/2022\/05\/pexels-filippo-peisino-2678301-scaled.jpg 1706w, https:\/\/learninglanguagesweb.com\/wp-content\/uploads\/2022\/05\/pexels-filippo-peisino-2678301-200x300.jpg 200w, https:\/\/learninglanguagesweb.com\/wp-content\/uploads\/2022\/05\/pexels-filippo-peisino-2678301-683x1024.jpg 683w, https:\/\/learninglanguagesweb.com\/wp-content\/uploads\/2022\/05\/pexels-filippo-peisino-2678301-768x1152.jpg 768w, https:\/\/learninglanguagesweb.com\/wp-content\/uploads\/2022\/05\/pexels-filippo-peisino-2678301-1024x1536.jpg 1024w, https:\/\/learninglanguagesweb.com\/wp-content\/uploads\/2022\/05\/pexels-filippo-peisino-2678301-1365x2048.jpg 1365w, https:\/\/learninglanguagesweb.com\/wp-content\/uploads\/2022\/05\/pexels-filippo-peisino-2678301-8x12.jpg 8w, https:\/\/learninglanguagesweb.com\/wp-content\/uploads\/2022\/05\/pexels-filippo-peisino-2678301-16x24.jpg 16w, https:\/\/learninglanguagesweb.com\/wp-content\/uploads\/2022\/05\/pexels-filippo-peisino-2678301-24x36.jpg 24w, https:\/\/learninglanguagesweb.com\/wp-content\/uploads\/2022\/05\/pexels-filippo-peisino-2678301-32x48.jpg 32w\" sizes=\"(max-width: 1706px) 100vw, 1706px\" \/>\t\t\t\t\t\t\t\t\t\t\t\t\t\t\t<\/div>\n\t\t\t\t<\/div>\n\t\t\t\t<div class=\"elementor-element elementor-element-a8ca3f3 elementor-widget elementor-widget-spacer\" data-id=\"a8ca3f3\" data-element_type=\"widget\" data-e-type=\"widget\" data-widget_type=\"spacer.default\">\n\t\t\t\t<div class=\"elementor-widget-container\">\n\t\t\t\t\t\t\t<div class=\"elementor-spacer\">\n\t\t\t<div class=\"elementor-spacer-inner\"><\/div>\n\t\t<\/div>\n\t\t\t\t\t\t<\/div>\n\t\t\t\t<\/div>\n\t\t\t\t<div class=\"elementor-element elementor-element-0c11950 elementor-widget elementor-widget-heading\" data-id=\"0c11950\" data-element_type=\"widget\" data-e-type=\"widget\" data-widget_type=\"heading.default\">\n\t\t\t\t<div class=\"elementor-widget-container\">\n\t\t\t\t\t<h2 class=\"elementor-heading-title elementor-size-large\">TOP 7 COUNTRIES WITH MOST LANGUAGES<\/h2>\t\t\t\t<\/div>\n\t\t\t\t<\/div>\n\t\t\t\t<div class=\"elementor-element elementor-element-9e08586 elementor-widget elementor-widget-text-editor\" data-id=\"9e08586\" data-element_type=\"widget\" data-e-type=\"widget\" data-widget_type=\"text-editor.default\">\n\t\t\t\t<div class=\"elementor-widget-container\">\n\t\t\t\t\t\t\t\t\t<p class=\"translation-block\">The most curious thing is that <strong> of the 7097 <\/strong> that have been recognized, about <strong> half of them are divided into only 7 countries: <\/strong><\/p><ul><li class=\"translation-block\">The country in which they have been most recognized is <strong> <a href=\"https:\/\/www.bbc.com\/world\/news-46738790\" target=\"_self\"> Papua New Guinea <\/a> <\/strong> with about <strong> 850 languages. <\/strong><\/li><li class=\"translation-block\">The second country in which they have been detected the most is <strong> <a href=\"https:\/\/viajarfull.com\/que-languages-s- speak-in-indonesia\/\" target=\"_self\"> Indonesia <\/a> <\/strong> with about <strong> 700 languages. <\/strong><\/li><li class=\"translation-block\">It is followed by <strong> <a href=\"https:\/\/es.wikipedia.org\/wiki\/Nigeria\" target=\"_self\"> Nigeria <\/a> <\/strong> with <strong> 526 languages. <\/strong><\/li><li class=\"translation-block\">The fourth is <strong> <a href=\"https:\/\/elordenmundial.com\/maps\/indian-languages\/\" target=\"_self\"> India <\/a> <\/strong> with <strong> 454 languages. <\/strong><\/li><li class=\"translation-block\"><strong> <a href=\"https:\/\/www.quierolearnlanguages.com\/coofficial-languages\/united-states-languages\/#Alaska_y_las_indigenas_lenguas_en_Estados_Unidos\" target=\"_self\"> United States <\/a> <\/strong> is close to India with <strong> 422 languages. <\/strong><\/li><li class=\"translation-block\"><strong> <a href=\"https:\/\/www.magiasiatica.com\/how-tongues-in-china\/\" target=\"_self\"> China <\/a> <\/strong> and <strong> <a href=\"http:\/\/www.historiadelasinfonia.es\/naciones\/la-sinfonia-en-mexico\/generalidades\/las-lenguas-de-mexico\/\" target=\"_ self\"> Mexico <\/a> <\/strong> are the following in the list with <strong> about 300 each. <\/strong><\/li><\/ul><p>No obstante, de todos estos idiomas <strong>el 48% de ellos est\u00e1 cerca de desaparecer y con ellos gran parte de nuestra cultura.<\/strong>\u00a0Si quieres saber cu\u00e1les son <b>los idiomas menos hablados del mundo<\/b>, te lo dejo por <strong><a href=\"https:\/\/learninglanguagesweb.com\/en\/la-verdad-sobre-los-idiomas-podria-escandalizarte\/\">aqu\u00ed<\/a>.\u00a0<\/strong><\/p><p><span style=\"color: var( --e-global-color-text ); font-family: var( --e-global-typography-text-font-family ), Sans-serif; font-weight: var( --e-global-typography-text-font-weight );\">Me gustar\u00eda tambi\u00e9n hacer un poco de <\/span><strong style=\"color: var( --e-global-color-text ); font-family: var( --e-global-typography-text-font-family ), Sans-serif;\">reflexi\u00f3n<\/strong><span style=\"color: var( --e-global-color-text ); font-family: var( --e-global-typography-text-font-family ), Sans-serif; font-weight: var( --e-global-typography-text-font-weight );\">\u00a0y dar mi opini\u00f3n, y es que, el <\/span><strong style=\"color: var( --e-global-color-text ); font-family: var( --e-global-typography-text-font-family ), Sans-serif;\">tener un idioma que nos permitiera comunicarnos con el resto del mundo nos dar\u00eda much\u00edsimas ventajas.<\/strong><span style=\"color: var( --e-global-color-text ); font-family: var( --e-global-typography-text-font-family ), Sans-serif; font-weight: var( --e-global-typography-text-font-weight );\"> Tambi\u00e9n quiero a\u00f1adir que, <\/span><strong style=\"color: var( --e-global-color-text ); font-family: var( --e-global-typography-text-font-family ), Sans-serif;\">cada letra y cada palabra que se ha inventado a lo largo de nuestra historia, guarda parte de nuestra cultura<\/strong><span style=\"color: var( --e-global-color-text ); font-family: var( --e-global-typography-text-font-family ), Sans-serif; font-weight: var( --e-global-typography-text-font-weight );\">, del conocimiento adquirido a lo largo de los a\u00f1os y eso, a mi parecer, es importante conservarlo.<\/span><\/p>\t\t\t\t\t\t\t\t<\/div>\n\t\t\t\t<\/div>\n\t\t\t\t<div class=\"elementor-element elementor-element-4ddc1bc elementor-widget elementor-widget-spacer\" data-id=\"4ddc1bc\" data-element_type=\"widget\" data-e-type=\"widget\" data-widget_type=\"spacer.default\">\n\t\t\t\t<div class=\"elementor-widget-container\">\n\t\t\t\t\t\t\t<div class=\"elementor-spacer\">\n\t\t\t<div class=\"elementor-spacer-inner\"><\/div>\n\t\t<\/div>\n\t\t\t\t\t\t<\/div>\n\t\t\t\t<\/div>\n\t\t\t\t\t<\/div>\n\t\t<\/div>\n\t\t\t\t\t<\/div>\n\t\t<\/section>\n\t\t\t\t<section class=\"elementor-section elementor-top-section elementor-element elementor-element-8a33629 elementor-section-boxed elementor-section-height-default elementor-section-height-default\" data-id=\"8a33629\" data-element_type=\"section\" data-e-type=\"section\">\n\t\t\t\t\t\t<div class=\"elementor-container elementor-column-gap-default\">\n\t\t\t\t\t<div class=\"elementor-column elementor-col-100 elementor-top-column elementor-element elementor-element-54ce981\" data-id=\"54ce981\" data-element_type=\"column\" data-e-type=\"column\">\n\t\t\t<div class=\"elementor-widget-wrap elementor-element-populated\">\n\t\t\t\t\t\t<div class=\"elementor-element elementor-element-f046a05 elementor-widget elementor-widget-heading\" data-id=\"f046a05\" data-element_type=\"widget\" data-e-type=\"widget\" data-widget_type=\"heading.default\">\n\t\t\t\t<div class=\"elementor-widget-container\">\n\t\t\t\t\t<h5 class=\"elementor-heading-title elementor-size-default\">What do you think?\n\nDo you think it is important to maintain the languages \u200b\u200bof our regions?\n\nWould you like there to be a language with which you can communicate with the rest of the world?\n\nTell me in the comments.<\/h5>\t\t\t\t<\/div>\n\t\t\t\t<\/div>\n\t\t\t\t\t<\/div>\n\t\t<\/div>\n\t\t\t\t\t<\/div>\n\t\t<\/section>\n\t\t\t\t<\/div>","protected":false},"excerpt":{"rendered":"<p>\u00bfCU\u00c1NTOS IDIOMAS EXISTEN? Todos sabemos que existen muchos m\u00e1s idiomas de los que solemos escuchar a nuestro alrededor, pero \u00bfsabes cu\u00e1ntos idiomas existen a d\u00eda de hoy? Pues bien, hoy en d\u00eda existen entorno a 7097 idiomas distintos, \u00a17097! Y si contamos que seg\u00fan la ONU hay 193 pa\u00edses oficiales, nos salen unas \u00a137! lenguas &#8230; <a title=\"\u00bfCu\u00e1ntos idiomas existen?\" class=\"read-more\" href=\"https:\/\/learninglanguagesweb.com\/en\/top-7-de-paises-con-mas-idiomas\/\" aria-label=\"Read more about \u00bfCu\u00e1ntos idiomas existen?\">Read more<\/a><\/p>","protected":false},"author":1,"featured_media":0,"parent":0,"menu_order":0,"comment_status":"closed","ping_status":"closed","template":"","meta":{"inline_featured_image":false,"footnotes":""},"class_list":["post-1866","page","type-page","status-publish"],"yoast_head":"<!-- This site is optimized with the Yoast SEO plugin v27.3 - https:\/\/yoast.com\/product\/yoast-seo-wordpress\/ -->\n<title>\u27a1 \u00bfCU\u00c1NTOS IDIOMAS EXISTEN? - LLW by Alfonso<\/title>\n<meta name=\"description\" content=\"\u00bfSabes cu\u00e1ntos idiomas existen? \u00bfy si te digo que un pa\u00eds tiene m\u00e1s de 800 idiomas? \u27a1 Entra y descubre el TOP 7 de pa\u00edses con m\u00e1s idiomas.\" \/>\n<meta name=\"robots\" content=\"index, follow, max-snippet:-1, max-image-preview:large, max-video-preview:-1\" \/>\n<link rel=\"canonical\" href=\"https:\/\/learninglanguagesweb.com\/en\/top-7-de-paises-con-mas-idiomas\/\" \/>\n<meta property=\"og:locale\" content=\"en_US\" \/>\n<meta property=\"og:type\" content=\"article\" \/>\n<meta property=\"og:title\" content=\"\u27a1 \u00bfCU\u00c1NTOS IDIOMAS EXISTEN? - LLW by Alfonso\" \/>\n<meta property=\"og:description\" content=\"\u00bfSabes cu\u00e1ntos idiomas existen? \u00bfy si te digo que un pa\u00eds tiene m\u00e1s de 800 idiomas? \u27a1 Entra y descubre el TOP 7 de pa\u00edses con m\u00e1s idiomas.\" \/>\n<meta property=\"og:url\" content=\"https:\/\/learninglanguagesweb.com\/en\/top-7-de-paises-con-mas-idiomas\/\" \/>\n<meta property=\"og:site_name\" content=\"Learning Languages Web\" \/>\n<meta property=\"article:modified_time\" content=\"2022-05-09T11:06:20+00:00\" \/>\n<meta property=\"og:image\" content=\"https:\/\/learninglanguagesweb.com\/wp-content\/uploads\/2022\/05\/pexels-filippo-peisino-2678301-scaled.jpg\" \/>\n<meta name=\"twitter:card\" content=\"summary_large_image\" \/>\n<meta name=\"twitter:label1\" content=\"Est. reading time\" \/>\n\t<meta name=\"twitter:data1\" content=\"3 minutes\" \/>\n<script type=\"application\/ld+json\" class=\"yoast-schema-graph\">{\"@context\":\"https:\\\/\\\/schema.org\",\"@graph\":[{\"@type\":\"WebPage\",\"@id\":\"https:\\\/\\\/learninglanguagesweb.com\\\/top-7-de-paises-con-mas-idiomas\\\/\",\"url\":\"https:\\\/\\\/learninglanguagesweb.com\\\/top-7-de-paises-con-mas-idiomas\\\/\",\"name\":\"\u27a1 \u00bfCU\u00c1NTOS IDIOMAS EXISTEN? - LLW by Alfonso\",\"isPartOf\":{\"@id\":\"https:\\\/\\\/learninglanguagesweb.com\\\/#website\"},\"primaryImageOfPage\":{\"@id\":\"https:\\\/\\\/learninglanguagesweb.com\\\/top-7-de-paises-con-mas-idiomas\\\/#primaryimage\"},\"image\":{\"@id\":\"https:\\\/\\\/learninglanguagesweb.com\\\/top-7-de-paises-con-mas-idiomas\\\/#primaryimage\"},\"thumbnailUrl\":\"https:\\\/\\\/learninglanguagesweb.com\\\/wp-content\\\/uploads\\\/2022\\\/05\\\/pexels-filippo-peisino-2678301-scaled.jpg\",\"datePublished\":\"2021-04-30T10:59:26+00:00\",\"dateModified\":\"2022-05-09T11:06:20+00:00\",\"description\":\"\u00bfSabes cu\u00e1ntos idiomas existen? \u00bfy si te digo que un pa\u00eds tiene m\u00e1s de 800 idiomas? \u27a1 Entra y descubre el TOP 7 de pa\u00edses con m\u00e1s idiomas.\",\"breadcrumb\":{\"@id\":\"https:\\\/\\\/learninglanguagesweb.com\\\/top-7-de-paises-con-mas-idiomas\\\/#breadcrumb\"},\"inLanguage\":\"en-US\",\"potentialAction\":[{\"@type\":\"ReadAction\",\"target\":[\"https:\\\/\\\/learninglanguagesweb.com\\\/top-7-de-paises-con-mas-idiomas\\\/\"]}]},{\"@type\":\"ImageObject\",\"inLanguage\":\"en-US\",\"@id\":\"https:\\\/\\\/learninglanguagesweb.com\\\/top-7-de-paises-con-mas-idiomas\\\/#primaryimage\",\"url\":\"https:\\\/\\\/learninglanguagesweb.com\\\/wp-content\\\/uploads\\\/2022\\\/05\\\/pexels-filippo-peisino-2678301-scaled.jpg\",\"contentUrl\":\"https:\\\/\\\/learninglanguagesweb.com\\\/wp-content\\\/uploads\\\/2022\\\/05\\\/pexels-filippo-peisino-2678301-scaled.jpg\"},{\"@type\":\"BreadcrumbList\",\"@id\":\"https:\\\/\\\/learninglanguagesweb.com\\\/top-7-de-paises-con-mas-idiomas\\\/#breadcrumb\",\"itemListElement\":[{\"@type\":\"ListItem\",\"position\":1,\"name\":\"Portada\",\"item\":\"https:\\\/\\\/learninglanguagesweb.com\\\/\"},{\"@type\":\"ListItem\",\"position\":2,\"name\":\"\u00bfCu\u00e1ntos idiomas existen?\"}]},{\"@type\":\"WebSite\",\"@id\":\"https:\\\/\\\/learninglanguagesweb.com\\\/#website\",\"url\":\"https:\\\/\\\/learninglanguagesweb.com\\\/\",\"name\":\"Learning Languages Web\",\"description\":\"\u00a1Aprender idiomas gratis online es posible! \u00a1 Entra y encuentra todo el material necesario\",\"publisher\":{\"@id\":\"https:\\\/\\\/learninglanguagesweb.com\\\/#organization\"},\"potentialAction\":[{\"@type\":\"SearchAction\",\"target\":{\"@type\":\"EntryPoint\",\"urlTemplate\":\"https:\\\/\\\/learninglanguagesweb.com\\\/?s={search_term_string}\"},\"query-input\":{\"@type\":\"PropertyValueSpecification\",\"valueRequired\":true,\"valueName\":\"search_term_string\"}}],\"inLanguage\":\"en-US\"},{\"@type\":\"Organization\",\"@id\":\"https:\\\/\\\/learninglanguagesweb.com\\\/#organization\",\"name\":\"LEARNING LANGUAGES WEB\",\"url\":\"https:\\\/\\\/learninglanguagesweb.com\\\/\",\"logo\":{\"@type\":\"ImageObject\",\"inLanguage\":\"en-US\",\"@id\":\"https:\\\/\\\/learninglanguagesweb.com\\\/#\\\/schema\\\/logo\\\/image\\\/\",\"url\":\"https:\\\/\\\/i0.wp.com\\\/learninglanguagesweb.com\\\/wp-content\\\/uploads\\\/2021\\\/01\\\/unnamed.png?fit=264%2C131&ssl=1\",\"contentUrl\":\"https:\\\/\\\/i0.wp.com\\\/learninglanguagesweb.com\\\/wp-content\\\/uploads\\\/2021\\\/01\\\/unnamed.png?fit=264%2C131&ssl=1\",\"width\":264,\"height\":131,\"caption\":\"LEARNING LANGUAGES WEB\"},\"image\":{\"@id\":\"https:\\\/\\\/learninglanguagesweb.com\\\/#\\\/schema\\\/logo\\\/image\\\/\"},\"sameAs\":[\"https:\\\/\\\/www.instagram.com\\\/alfonso95gc\\\/?hl=es\"]}]}<\/script>\n<!-- \/ Yoast SEO plugin. -->","yoast_head_json":{"title":"\u27a1 \u00bfCU\u00c1NTOS IDIOMAS EXISTEN? - LLW by Alfonso","description":"\u00bfSabes cu\u00e1ntos idiomas existen? \u00bfy si te digo que un pa\u00eds tiene m\u00e1s de 800 idiomas? \u27a1 Entra y descubre el TOP 7 de pa\u00edses con m\u00e1s idiomas.","robots":{"index":"index","follow":"follow","max-snippet":"max-snippet:-1","max-image-preview":"max-image-preview:large","max-video-preview":"max-video-preview:-1"},"canonical":"https:\/\/learninglanguagesweb.com\/en\/top-7-de-paises-con-mas-idiomas\/","og_locale":"en_US","og_type":"article","og_title":"\u27a1 \u00bfCU\u00c1NTOS IDIOMAS EXISTEN? - LLW by Alfonso","og_description":"\u00bfSabes cu\u00e1ntos idiomas existen? \u00bfy si te digo que un pa\u00eds tiene m\u00e1s de 800 idiomas? \u27a1 Entra y descubre el TOP 7 de pa\u00edses con m\u00e1s idiomas.","og_url":"https:\/\/learninglanguagesweb.com\/en\/top-7-de-paises-con-mas-idiomas\/","og_site_name":"Learning Languages Web","article_modified_time":"2022-05-09T11:06:20+00:00","og_image":[{"url":"https:\/\/learninglanguagesweb.com\/wp-content\/uploads\/2022\/05\/pexels-filippo-peisino-2678301-scaled.jpg","type":"","width":"","height":""}],"twitter_card":"summary_large_image","twitter_misc":{"Est. reading time":"3 minutes"},"schema":{"@context":"https:\/\/schema.org","@graph":[{"@type":"WebPage","@id":"https:\/\/learninglanguagesweb.com\/top-7-de-paises-con-mas-idiomas\/","url":"https:\/\/learninglanguagesweb.com\/top-7-de-paises-con-mas-idiomas\/","name":"\u27a1 \u00bfCU\u00c1NTOS IDIOMAS EXISTEN? - LLW by Alfonso","isPartOf":{"@id":"https:\/\/learninglanguagesweb.com\/#website"},"primaryImageOfPage":{"@id":"https:\/\/learninglanguagesweb.com\/top-7-de-paises-con-mas-idiomas\/#primaryimage"},"image":{"@id":"https:\/\/learninglanguagesweb.com\/top-7-de-paises-con-mas-idiomas\/#primaryimage"},"thumbnailUrl":"https:\/\/learninglanguagesweb.com\/wp-content\/uploads\/2022\/05\/pexels-filippo-peisino-2678301-scaled.jpg","datePublished":"2021-04-30T10:59:26+00:00","dateModified":"2022-05-09T11:06:20+00:00","description":"\u00bfSabes cu\u00e1ntos idiomas existen? \u00bfy si te digo que un pa\u00eds tiene m\u00e1s de 800 idiomas? \u27a1 Entra y descubre el TOP 7 de pa\u00edses con m\u00e1s idiomas.","breadcrumb":{"@id":"https:\/\/learninglanguagesweb.com\/top-7-de-paises-con-mas-idiomas\/#breadcrumb"},"inLanguage":"en-US","potentialAction":[{"@type":"ReadAction","target":["https:\/\/learninglanguagesweb.com\/top-7-de-paises-con-mas-idiomas\/"]}]},{"@type":"ImageObject","inLanguage":"en-US","@id":"https:\/\/learninglanguagesweb.com\/top-7-de-paises-con-mas-idiomas\/#primaryimage","url":"https:\/\/learninglanguagesweb.com\/wp-content\/uploads\/2022\/05\/pexels-filippo-peisino-2678301-scaled.jpg","contentUrl":"https:\/\/learninglanguagesweb.com\/wp-content\/uploads\/2022\/05\/pexels-filippo-peisino-2678301-scaled.jpg"},{"@type":"BreadcrumbList","@id":"https:\/\/learninglanguagesweb.com\/top-7-de-paises-con-mas-idiomas\/#breadcrumb","itemListElement":[{"@type":"ListItem","position":1,"name":"Portada","item":"https:\/\/learninglanguagesweb.com\/"},{"@type":"ListItem","position":2,"name":"\u00bfCu\u00e1ntos idiomas existen?"}]},{"@type":"WebSite","@id":"https:\/\/learninglanguagesweb.com\/#website","url":"https:\/\/learninglanguagesweb.com\/","name":"Learning Languages Web","description":"\u00a1Aprender idiomas gratis online es posible! \u00a1 Entra y encuentra todo el material necesario","publisher":{"@id":"https:\/\/learninglanguagesweb.com\/#organization"},"potentialAction":[{"@type":"SearchAction","target":{"@type":"EntryPoint","urlTemplate":"https:\/\/learninglanguagesweb.com\/?s={search_term_string}"},"query-input":{"@type":"PropertyValueSpecification","valueRequired":true,"valueName":"search_term_string"}}],"inLanguage":"en-US"},{"@type":"Organization","@id":"https:\/\/learninglanguagesweb.com\/#organization","name":"LEARNING LANGUAGES WEB","url":"https:\/\/learninglanguagesweb.com\/","logo":{"@type":"ImageObject","inLanguage":"en-US","@id":"https:\/\/learninglanguagesweb.com\/#\/schema\/logo\/image\/","url":"https:\/\/i0.wp.com\/learninglanguagesweb.com\/wp-content\/uploads\/2021\/01\/unnamed.png?fit=264%2C131&ssl=1","contentUrl":"https:\/\/i0.wp.com\/learninglanguagesweb.com\/wp-content\/uploads\/2021\/01\/unnamed.png?fit=264%2C131&ssl=1","width":264,"height":131,"caption":"LEARNING LANGUAGES WEB"},"image":{"@id":"https:\/\/learninglanguagesweb.com\/#\/schema\/logo\/image\/"},"sameAs":["https:\/\/www.instagram.com\/alfonso95gc\/?hl=es"]}]}},"_links":{"self":[{"href":"https:\/\/learninglanguagesweb.com\/en\/wp-json\/wp\/v2\/pages\/1866","targetHints":{"allow":["GET"]}}],"collection":[{"href":"https:\/\/learninglanguagesweb.com\/en\/wp-json\/wp\/v2\/pages"}],"about":[{"href":"https:\/\/learninglanguagesweb.com\/en\/wp-json\/wp\/v2\/types\/page"}],"author":[{"embeddable":true,"href":"https:\/\/learninglanguagesweb.com\/en\/wp-json\/wp\/v2\/users\/1"}],"replies":[{"embeddable":true,"href":"https:\/\/learninglanguagesweb.com\/en\/wp-json\/wp\/v2\/comments?post=1866"}],"version-history":[{"count":0,"href":"https:\/\/learninglanguagesweb.com\/en\/wp-json\/wp\/v2\/pages\/1866\/revisions"}],"wp:attachment":[{"href":"https:\/\/learninglanguagesweb.com\/en\/wp-json\/wp\/v2\/media?parent=1866"}],"curies":[{"name":"wp","href":"https:\/\/api.w.org\/{rel}","templated":true}]}}