{"id":266,"date":"2021-01-08T11:52:42","date_gmt":"2021-01-08T11:52:42","guid":{"rendered":"https:\/\/learninglanguagesweb.com\/?page_id=266"},"modified":"2022-07-20T11:42:53","modified_gmt":"2022-07-20T09:42:53","slug":"objetivo","status":"publish","type":"page","link":"https:\/\/learninglanguagesweb.com\/en\/objetivo\/","title":{"rendered":"GOAL"},"content":{"rendered":"<div data-elementor-type=\"wp-page\" data-elementor-id=\"266\" class=\"elementor elementor-266\">\n\t\t\t\t\t\t<section class=\"elementor-section elementor-top-section elementor-element elementor-element-304c069 elementor-section-boxed elementor-section-height-default elementor-section-height-default\" data-id=\"304c069\" data-element_type=\"section\" data-e-type=\"section\" data-settings=\"{&quot;background_background&quot;:&quot;classic&quot;}\">\n\t\t\t\t\t\t<div class=\"elementor-container elementor-column-gap-default\">\n\t\t\t\t\t<div class=\"elementor-column elementor-col-100 elementor-top-column elementor-element elementor-element-bc3febc\" data-id=\"bc3febc\" data-element_type=\"column\" data-e-type=\"column\">\n\t\t\t<div class=\"elementor-widget-wrap elementor-element-populated\">\n\t\t\t\t\t\t<div class=\"elementor-element elementor-element-6ae2921 elementor-widget elementor-widget-heading\" data-id=\"6ae2921\" data-element_type=\"widget\" data-e-type=\"widget\" data-widget_type=\"heading.default\">\n\t\t\t\t<div class=\"elementor-widget-container\">\n\t\t\t\t\t<h1 class=\"elementor-heading-title elementor-size-default\">GOAL<\/h1>\t\t\t\t<\/div>\n\t\t\t\t<\/div>\n\t\t\t\t<div class=\"elementor-element elementor-element-2571a15 elementor-widget elementor-widget-text-editor\" data-id=\"2571a15\" data-element_type=\"widget\" data-e-type=\"widget\" data-widget_type=\"text-editor.default\">\n\t\t\t\t<div class=\"elementor-widget-container\">\n\t\t\t\t\t\t\t\t\t<p>In a world in which everything moves so fast, it cannot be that we spend hours and hours of our lives looking for web pages or social media channels to learn languages, the information is there and it is good, but finding the one that best suits us or the one that offers us the best content is not easy.<\/p><p>First of all, I want to thank you and welcome you to my project, on this page what I want is to explain the purpose of the website and the reason for its existence. This project aims to centralize all the information on online language learning, in order to facilitate and speed up the search for material. As you can see, it is a project that is going to be in continuous evolution, since the content is a lot and very varied, but with your support we will surely be able to create a place where we can learn and share.\u00a0<\/p><p class=\"translation-block\">Also, both on my <a href=\"https:\/\/www.instagram.com\/alfonso95gc\/?hl=es\" target=\"_self\">Instagram<\/a> channel, and on the <a href=\"https:\/\/www.tiktok.com\/@llwalfonso?lang=es\" target=\"_self\">Tik Tok<\/a>, I will be uploading videos and posts about vocabulary and grammar in English and about some section of the blog, so that if you want to learn English and know more about the web, do not hesitate to follow me on social networks and subscribe to the web.<\/p><p>Again, thank you very much, I hope this page is useful to you.<\/p><p>All the best,<\/p><p>Alfonso<\/p><p>\u00a0<\/p>\t\t\t\t\t\t\t\t<\/div>\n\t\t\t\t<\/div>\n\t\t\t\t\t<\/div>\n\t\t<\/div>\n\t\t\t\t\t<\/div>\n\t\t<\/section>\n\t\t\t\t<\/div>","protected":false},"excerpt":{"rendered":"<p>OBJETIVO En un mundo en el que avanza todo tan r\u00e1pido, no puede ser que pasemos horas y horas de nuestra vida buscando p\u00e1ginas web o canales de redes sociales para aprender idiomas, la informaci\u00f3n est\u00e1 ah\u00ed y es buena, pero encontrar la que mejor se nos ajusta o la que mejor contenido nos ofrece &#8230; <a title=\"GOAL\" class=\"read-more\" href=\"https:\/\/learninglanguagesweb.com\/en\/objetivo\/\" aria-label=\"Read more about OBJETIVO\">Read more<\/a><\/p>","protected":false},"author":1,"featured_media":0,"parent":0,"menu_order":0,"comment_status":"closed","ping_status":"closed","template":"elementor_header_footer","meta":{"inline_featured_image":false,"footnotes":""},"class_list":["post-266","page","type-page","status-publish"],"yoast_head":"<!-- This site is optimized with the Yoast SEO plugin v27.5 - https:\/\/yoast.com\/product\/yoast-seo-wordpress\/ -->\n<title>OBJETIVO - Learning Languages Web<\/title>\n<meta name=\"robots\" content=\"index, follow, max-snippet:-1, max-image-preview:large, max-video-preview:-1\" \/>\n<link rel=\"canonical\" href=\"https:\/\/learninglanguagesweb.com\/en\/objetivo\/\" \/>\n<meta property=\"og:locale\" content=\"en_US\" \/>\n<meta property=\"og:type\" content=\"article\" \/>\n<meta property=\"og:title\" content=\"OBJETIVO - Learning Languages Web\" \/>\n<meta property=\"og:description\" content=\"OBJETIVO En un mundo en el que avanza todo tan r\u00e1pido, no puede ser que pasemos horas y horas de nuestra vida buscando p\u00e1ginas web o canales de redes sociales para aprender idiomas, la informaci\u00f3n est\u00e1 ah\u00ed y es buena, pero encontrar la que mejor se nos ajusta o la que mejor contenido nos ofrece ... Read more\" \/>\n<meta property=\"og:url\" content=\"https:\/\/learninglanguagesweb.com\/en\/objetivo\/\" \/>\n<meta property=\"og:site_name\" content=\"Learning Languages Web\" \/>\n<meta property=\"article:modified_time\" content=\"2022-07-20T09:42:53+00:00\" \/>\n<meta name=\"twitter:card\" content=\"summary_large_image\" \/>\n<meta name=\"twitter:label1\" content=\"Est. reading time\" \/>\n\t<meta name=\"twitter:data1\" content=\"2 minutes\" \/>\n<script type=\"application\/ld+json\" class=\"yoast-schema-graph\">{\"@context\":\"https:\\\/\\\/schema.org\",\"@graph\":[{\"@type\":\"WebPage\",\"@id\":\"https:\\\/\\\/learninglanguagesweb.com\\\/objetivo\\\/\",\"url\":\"https:\\\/\\\/learninglanguagesweb.com\\\/objetivo\\\/\",\"name\":\"OBJETIVO - Learning Languages Web\",\"isPartOf\":{\"@id\":\"https:\\\/\\\/learninglanguagesweb.com\\\/#website\"},\"datePublished\":\"2021-01-08T11:52:42+00:00\",\"dateModified\":\"2022-07-20T09:42:53+00:00\",\"breadcrumb\":{\"@id\":\"https:\\\/\\\/learninglanguagesweb.com\\\/objetivo\\\/#breadcrumb\"},\"inLanguage\":\"en-US\",\"potentialAction\":[{\"@type\":\"ReadAction\",\"target\":[\"https:\\\/\\\/learninglanguagesweb.com\\\/objetivo\\\/\"]}]},{\"@type\":\"BreadcrumbList\",\"@id\":\"https:\\\/\\\/learninglanguagesweb.com\\\/objetivo\\\/#breadcrumb\",\"itemListElement\":[{\"@type\":\"ListItem\",\"position\":1,\"name\":\"Portada\",\"item\":\"https:\\\/\\\/learninglanguagesweb.com\\\/\"},{\"@type\":\"ListItem\",\"position\":2,\"name\":\"OBJETIVO\"}]},{\"@type\":\"WebSite\",\"@id\":\"https:\\\/\\\/learninglanguagesweb.com\\\/#website\",\"url\":\"https:\\\/\\\/learninglanguagesweb.com\\\/\",\"name\":\"Learning Languages Web\",\"description\":\"\u00a1Aprender idiomas gratis online es posible! \u00a1 Entra y encuentra todo el material necesario\",\"publisher\":{\"@id\":\"https:\\\/\\\/learninglanguagesweb.com\\\/#organization\"},\"potentialAction\":[{\"@type\":\"SearchAction\",\"target\":{\"@type\":\"EntryPoint\",\"urlTemplate\":\"https:\\\/\\\/learninglanguagesweb.com\\\/?s={search_term_string}\"},\"query-input\":{\"@type\":\"PropertyValueSpecification\",\"valueRequired\":true,\"valueName\":\"search_term_string\"}}],\"inLanguage\":\"en-US\"},{\"@type\":\"Organization\",\"@id\":\"https:\\\/\\\/learninglanguagesweb.com\\\/#organization\",\"name\":\"LEARNING LANGUAGES WEB\",\"url\":\"https:\\\/\\\/learninglanguagesweb.com\\\/\",\"logo\":{\"@type\":\"ImageObject\",\"inLanguage\":\"en-US\",\"@id\":\"https:\\\/\\\/learninglanguagesweb.com\\\/#\\\/schema\\\/logo\\\/image\\\/\",\"url\":\"https:\\\/\\\/i0.wp.com\\\/learninglanguagesweb.com\\\/wp-content\\\/uploads\\\/2021\\\/01\\\/unnamed.png?fit=264%2C131&ssl=1\",\"contentUrl\":\"https:\\\/\\\/i0.wp.com\\\/learninglanguagesweb.com\\\/wp-content\\\/uploads\\\/2021\\\/01\\\/unnamed.png?fit=264%2C131&ssl=1\",\"width\":264,\"height\":131,\"caption\":\"LEARNING LANGUAGES WEB\"},\"image\":{\"@id\":\"https:\\\/\\\/learninglanguagesweb.com\\\/#\\\/schema\\\/logo\\\/image\\\/\"},\"sameAs\":[\"https:\\\/\\\/www.instagram.com\\\/alfonso95gc\\\/?hl=es\"]}]}<\/script>\n<!-- \/ Yoast SEO plugin. -->","yoast_head_json":{"title":"OBJETIVO - Learning Languages Web","robots":{"index":"index","follow":"follow","max-snippet":"max-snippet:-1","max-image-preview":"max-image-preview:large","max-video-preview":"max-video-preview:-1"},"canonical":"https:\/\/learninglanguagesweb.com\/en\/objetivo\/","og_locale":"en_US","og_type":"article","og_title":"OBJETIVO - Learning Languages Web","og_description":"OBJETIVO En un mundo en el que avanza todo tan r\u00e1pido, no puede ser que pasemos horas y horas de nuestra vida buscando p\u00e1ginas web o canales de redes sociales para aprender idiomas, la informaci\u00f3n est\u00e1 ah\u00ed y es buena, pero encontrar la que mejor se nos ajusta o la que mejor contenido nos ofrece ... Read more","og_url":"https:\/\/learninglanguagesweb.com\/en\/objetivo\/","og_site_name":"Learning Languages Web","article_modified_time":"2022-07-20T09:42:53+00:00","twitter_card":"summary_large_image","twitter_misc":{"Est. reading time":"2 minutes"},"schema":{"@context":"https:\/\/schema.org","@graph":[{"@type":"WebPage","@id":"https:\/\/learninglanguagesweb.com\/objetivo\/","url":"https:\/\/learninglanguagesweb.com\/objetivo\/","name":"OBJETIVO - Learning Languages Web","isPartOf":{"@id":"https:\/\/learninglanguagesweb.com\/#website"},"datePublished":"2021-01-08T11:52:42+00:00","dateModified":"2022-07-20T09:42:53+00:00","breadcrumb":{"@id":"https:\/\/learninglanguagesweb.com\/objetivo\/#breadcrumb"},"inLanguage":"en-US","potentialAction":[{"@type":"ReadAction","target":["https:\/\/learninglanguagesweb.com\/objetivo\/"]}]},{"@type":"BreadcrumbList","@id":"https:\/\/learninglanguagesweb.com\/objetivo\/#breadcrumb","itemListElement":[{"@type":"ListItem","position":1,"name":"Portada","item":"https:\/\/learninglanguagesweb.com\/"},{"@type":"ListItem","position":2,"name":"OBJETIVO"}]},{"@type":"WebSite","@id":"https:\/\/learninglanguagesweb.com\/#website","url":"https:\/\/learninglanguagesweb.com\/","name":"Learning Languages Web","description":"\u00a1Aprender idiomas gratis online es posible! \u00a1 Entra y encuentra todo el material necesario","publisher":{"@id":"https:\/\/learninglanguagesweb.com\/#organization"},"potentialAction":[{"@type":"SearchAction","target":{"@type":"EntryPoint","urlTemplate":"https:\/\/learninglanguagesweb.com\/?s={search_term_string}"},"query-input":{"@type":"PropertyValueSpecification","valueRequired":true,"valueName":"search_term_string"}}],"inLanguage":"en-US"},{"@type":"Organization","@id":"https:\/\/learninglanguagesweb.com\/#organization","name":"LEARNING LANGUAGES WEB","url":"https:\/\/learninglanguagesweb.com\/","logo":{"@type":"ImageObject","inLanguage":"en-US","@id":"https:\/\/learninglanguagesweb.com\/#\/schema\/logo\/image\/","url":"https:\/\/i0.wp.com\/learninglanguagesweb.com\/wp-content\/uploads\/2021\/01\/unnamed.png?fit=264%2C131&ssl=1","contentUrl":"https:\/\/i0.wp.com\/learninglanguagesweb.com\/wp-content\/uploads\/2021\/01\/unnamed.png?fit=264%2C131&ssl=1","width":264,"height":131,"caption":"LEARNING LANGUAGES WEB"},"image":{"@id":"https:\/\/learninglanguagesweb.com\/#\/schema\/logo\/image\/"},"sameAs":["https:\/\/www.instagram.com\/alfonso95gc\/?hl=es"]}]}},"_links":{"self":[{"href":"https:\/\/learninglanguagesweb.com\/en\/wp-json\/wp\/v2\/pages\/266","targetHints":{"allow":["GET"]}}],"collection":[{"href":"https:\/\/learninglanguagesweb.com\/en\/wp-json\/wp\/v2\/pages"}],"about":[{"href":"https:\/\/learninglanguagesweb.com\/en\/wp-json\/wp\/v2\/types\/page"}],"author":[{"embeddable":true,"href":"https:\/\/learninglanguagesweb.com\/en\/wp-json\/wp\/v2\/users\/1"}],"replies":[{"embeddable":true,"href":"https:\/\/learninglanguagesweb.com\/en\/wp-json\/wp\/v2\/comments?post=266"}],"version-history":[{"count":4,"href":"https:\/\/learninglanguagesweb.com\/en\/wp-json\/wp\/v2\/pages\/266\/revisions"}],"predecessor-version":[{"id":4215,"href":"https:\/\/learninglanguagesweb.com\/en\/wp-json\/wp\/v2\/pages\/266\/revisions\/4215"}],"wp:attachment":[{"href":"https:\/\/learninglanguagesweb.com\/en\/wp-json\/wp\/v2\/media?parent=266"}],"curies":[{"name":"wp","href":"https:\/\/api.w.org\/{rel}","templated":true}]}}